{"id":495,"date":"2024-07-07T20:31:33","date_gmt":"2024-07-07T20:31:33","guid":{"rendered":"https:\/\/blue-fish.eu\/?page_id=495"},"modified":"2024-07-07T20:34:26","modified_gmt":"2024-07-07T20:34:26","slug":"o-nama","status":"publish","type":"page","link":"https:\/\/blue-fish.eu\/index.php\/o-nama\/","title":{"rendered":"O NAMA"},"content":{"rendered":"\n<div class=\"wp-block-ps2id-block-target\" id=\"onama\"><\/div>\n\n\n\n<div style=\"height:30px\" aria-hidden=\"true\" class=\"wp-block-spacer\"><\/div>\n\n\n\n<div class=\"wp-block-columns is-layout-flex wp-container-core-columns-is-layout-9d6595d7 wp-block-columns-is-layout-flex\">\n<div class=\"wp-block-column is-vertically-aligned-top is-layout-flow wp-block-column-is-layout-flow\" style=\"flex-basis:350px\"><div class=\"wp-block-image\">\n<figure class=\"aligncenter size-medium is-resized\"><img loading=\"lazy\" decoding=\"async\" width=\"300\" height=\"170\" src=\"https:\/\/blue-fish.eu\/wp-content\/uploads\/2024\/06\/logo_blue_fish-300x170.png\" alt=\"\" class=\"wp-image-61\" style=\"object-fit:cover;width:250px;height:142px\" srcset=\"https:\/\/blue-fish.eu\/wp-content\/uploads\/2024\/06\/logo_blue_fish-300x170.png 300w, https:\/\/blue-fish.eu\/wp-content\/uploads\/2024\/06\/logo_blue_fish.png 457w\" sizes=\"auto, (max-width: 300px) 100vw, 300px\" \/><\/figure>\n<\/div>\n\n<div class=\"wp-block-image\">\n<figure class=\"alignleft size-full\"><img loading=\"lazy\" decoding=\"async\" width=\"800\" height=\"81\" src=\"https:\/\/blue-fish.eu\/wp-content\/uploads\/2024\/06\/val3-2.png\" alt=\"\" class=\"wp-image-128\" srcset=\"https:\/\/blue-fish.eu\/wp-content\/uploads\/2024\/06\/val3-2.png 800w, https:\/\/blue-fish.eu\/wp-content\/uploads\/2024\/06\/val3-2-300x30.png 300w, https:\/\/blue-fish.eu\/wp-content\/uploads\/2024\/06\/val3-2-768x78.png 768w\" sizes=\"auto, (max-width: 800px) 100vw, 800px\" \/><\/figure>\n<\/div><\/div>\n\n\n\n<div class=\"wp-block-column is-vertically-aligned-center is-layout-flow wp-block-column-is-layout-flow\">\n<h1 class=\"wp-block-heading has-text-align-left has-text-color has-link-color wp-elements-c469b837a4f9d10db4816003391afce3\" style=\"color:#0d193d;font-style:normal;font-weight:500\">O NAMA<\/h1>\n<\/div>\n<\/div>\n\n\n\n<div class=\"wp-block-columns is-layout-flex wp-container-core-columns-is-layout-9d6595d7 wp-block-columns-is-layout-flex\">\n<div class=\"wp-block-column is-layout-flow wp-block-column-is-layout-flow\">\n<h4 class=\"wp-block-heading\" style=\"font-style:normal;font-weight:400\">&#8220;Blue Fish&#8221; je otvorena 2021. u Brni (Smokvica) na otoku Kor\u010duli.<br><br>Proizvodnja je nastala iz na\u0161e ljubavi i strasti prema moru i dugogod\u0161njeg iskustva moga supruga u uzgoju i preradi ribe na podru\u010dju Gr\u010dke, Albanije i Italije.<br><br>Prera\u0111ujemo tj. konzerviramo filete ribe na stari tradcionalni na\u010din bez ikakvih konzervansa (riba, sol i djevi\u010dansko maslinovo ulje) u staklenkama.<br><br>Na\u0161a proizvodnja zasniva se isklju\u010divo na kvaliteti koju su prepoznali na\u0161i prijatelji te nas tako potakli za otvaranjem ove male obiteljske manufakture.<br><br>Na\u0161 slogan je &#8220;<strong>Ono \u0161to radimo za nas to i nudimo<\/strong>&#8221; i na\u0161i klijenti su nas po tome i prepoznali te se se uvijek rado vra\u0107aju zadovoljni.<\/h4>\n<\/div>\n\n\n\n<div class=\"wp-block-column is-layout-flow wp-block-column-is-layout-flow\">\n<div style=\"height:10px\" aria-hidden=\"true\" class=\"wp-block-spacer\"><\/div>\n\n\n<div class=\"wp-block-image\">\n<figure class=\"aligncenter size-full\"><img loading=\"lazy\" decoding=\"async\" width=\"457\" height=\"259\" src=\"https:\/\/blue-fish.eu\/wp-content\/uploads\/2024\/06\/logo_blue_fish.png\" alt=\"\" class=\"wp-image-61\" srcset=\"https:\/\/blue-fish.eu\/wp-content\/uploads\/2024\/06\/logo_blue_fish.png 457w, https:\/\/blue-fish.eu\/wp-content\/uploads\/2024\/06\/logo_blue_fish-300x170.png 300w\" sizes=\"auto, (max-width: 457px) 100vw, 457px\" \/><\/figure>\n<\/div><\/div>\n<\/div>\n","protected":false},"excerpt":{"rendered":"<p>O NAMA &#8220;Blue Fish&#8221; je otvorena 2021. u Brni (Smokvica) na otoku Kor\u010duli. Proizvodnja je nastala iz na\u0161e ljubavi i strasti prema moru i dugogod\u0161njeg iskustva moga supruga u uzgoju i preradi ribe na podru\u010dju Gr\u010dke, Albanije i Italije. Prera\u0111ujemo&#8230;<br \/><a class=\"read-more-button\" href=\"https:\/\/blue-fish.eu\/index.php\/o-nama\/\">Read more<\/a><\/p>\n","protected":false},"author":1,"featured_media":0,"parent":0,"menu_order":0,"comment_status":"closed","ping_status":"closed","template":"","meta":{"footnotes":""},"class_list":["post-495","page","type-page","status-publish","hentry"],"_links":{"self":[{"href":"https:\/\/blue-fish.eu\/index.php\/wp-json\/wp\/v2\/pages\/495","targetHints":{"allow":["GET"]}}],"collection":[{"href":"https:\/\/blue-fish.eu\/index.php\/wp-json\/wp\/v2\/pages"}],"about":[{"href":"https:\/\/blue-fish.eu\/index.php\/wp-json\/wp\/v2\/types\/page"}],"author":[{"embeddable":true,"href":"https:\/\/blue-fish.eu\/index.php\/wp-json\/wp\/v2\/users\/1"}],"replies":[{"embeddable":true,"href":"https:\/\/blue-fish.eu\/index.php\/wp-json\/wp\/v2\/comments?post=495"}],"version-history":[{"count":3,"href":"https:\/\/blue-fish.eu\/index.php\/wp-json\/wp\/v2\/pages\/495\/revisions"}],"predecessor-version":[{"id":499,"href":"https:\/\/blue-fish.eu\/index.php\/wp-json\/wp\/v2\/pages\/495\/revisions\/499"}],"wp:attachment":[{"href":"https:\/\/blue-fish.eu\/index.php\/wp-json\/wp\/v2\/media?parent=495"}],"curies":[{"name":"wp","href":"https:\/\/api.w.org\/{rel}","templated":true}]}}