{"id":22,"date":"2024-06-12T11:06:38","date_gmt":"2024-06-12T11:06:38","guid":{"rendered":"https:\/\/blue-fish.bananagraf.com\/home\/"},"modified":"2024-07-22T11:43:32","modified_gmt":"2024-07-22T11:43:32","slug":"home","status":"publish","type":"page","link":"https:\/\/blue-fish.eu\/index.php\/home\/","title":{"rendered":"PROIZVODI"},"content":{"rendered":"\n<div class=\"wp-block-ps2id-block-target\" id=\"proizvodi\"><\/div>\n\n\n\n<div style=\"height:30px\" aria-hidden=\"true\" class=\"wp-block-spacer\"><\/div>\n\n\n\n<div class=\"wp-block-columns is-layout-flex wp-container-core-columns-is-layout-9d6595d7 wp-block-columns-is-layout-flex\">\n<div class=\"wp-block-column is-vertically-aligned-top is-layout-flow wp-block-column-is-layout-flow\" style=\"flex-basis:350px\"><div class=\"wp-block-image\">\n<figure class=\"aligncenter size-medium is-resized\"><img loading=\"lazy\" decoding=\"async\" width=\"300\" height=\"170\" src=\"https:\/\/blue-fish.eu\/wp-content\/uploads\/2024\/06\/logo_blue_fish-300x170.png\" alt=\"\" class=\"wp-image-61\" style=\"object-fit:cover;width:250px;height:142px\" srcset=\"https:\/\/blue-fish.eu\/wp-content\/uploads\/2024\/06\/logo_blue_fish-300x170.png 300w, https:\/\/blue-fish.eu\/wp-content\/uploads\/2024\/06\/logo_blue_fish.png 457w\" sizes=\"auto, (max-width: 300px) 100vw, 300px\" \/><\/figure>\n<\/div>\n\n<div class=\"wp-block-image\">\n<figure class=\"alignleft size-full\"><img loading=\"lazy\" decoding=\"async\" width=\"800\" height=\"81\" src=\"https:\/\/blue-fish.eu\/wp-content\/uploads\/2024\/06\/val3-2.png\" alt=\"\" class=\"wp-image-128\" srcset=\"https:\/\/blue-fish.eu\/wp-content\/uploads\/2024\/06\/val3-2.png 800w, https:\/\/blue-fish.eu\/wp-content\/uploads\/2024\/06\/val3-2-300x30.png 300w, https:\/\/blue-fish.eu\/wp-content\/uploads\/2024\/06\/val3-2-768x78.png 768w\" sizes=\"auto, (max-width: 800px) 100vw, 800px\" \/><\/figure>\n<\/div><\/div>\n\n\n\n<div class=\"wp-block-column is-vertically-aligned-center is-layout-flow wp-block-column-is-layout-flow\">\n<h1 class=\"wp-block-heading has-text-align-left has-text-color has-link-color wp-elements-6be0d1768667eb5f8e669c557e051afd\" style=\"color:#0d193d;font-style:normal;font-weight:500\">PROIZVODI<\/h1>\n\n\n\n<h3 class=\"wp-block-heading\" style=\"font-style:normal;font-weight:400\">Jadranske ribe u ekstra djevi\u010danskom maslinovom ulju<\/h3>\n<\/div>\n<\/div>\n\n\n\n<div style=\"height:30px\" aria-hidden=\"true\" class=\"wp-block-spacer\"><\/div>\n\n\n\n<div class=\"wp-block-columns is-layout-flex wp-container-core-columns-is-layout-9d6595d7 wp-block-columns-is-layout-flex\">\n<div class=\"wp-block-column is-layout-flow wp-block-column-is-layout-flow\"><div class=\"wp-block-image\">\n<figure class=\"aligncenter size-full\"><img loading=\"lazy\" decoding=\"async\" width=\"400\" height=\"441\" src=\"https:\/\/blue-fish.eu\/wp-content\/uploads\/2024\/06\/palamida1.png\" alt=\"\" class=\"wp-image-188\" srcset=\"https:\/\/blue-fish.eu\/wp-content\/uploads\/2024\/06\/palamida1.png 400w, https:\/\/blue-fish.eu\/wp-content\/uploads\/2024\/06\/palamida1-272x300.png 272w\" sizes=\"auto, (max-width: 400px) 100vw, 400px\" \/><\/figure>\n<\/div>\n\n\n<p><strong>PALAMIDA<\/strong><br>plava riba iz porodice sku\u0161olovki, vrlo kvalitetnog okusa sli\u010dnom sku\u0161i i bogata omega 3.<\/p>\n\n\n<div class=\"wp-block-image\">\n<figure class=\"alignleft size-full\"><img loading=\"lazy\" decoding=\"async\" width=\"800\" height=\"81\" src=\"https:\/\/blue-fish.eu\/wp-content\/uploads\/2024\/06\/val3-2.png\" alt=\"\" class=\"wp-image-128\" srcset=\"https:\/\/blue-fish.eu\/wp-content\/uploads\/2024\/06\/val3-2.png 800w, https:\/\/blue-fish.eu\/wp-content\/uploads\/2024\/06\/val3-2-300x30.png 300w, https:\/\/blue-fish.eu\/wp-content\/uploads\/2024\/06\/val3-2-768x78.png 768w\" sizes=\"auto, (max-width: 800px) 100vw, 800px\" \/><\/figure>\n<\/div><\/div>\n\n\n\n<div class=\"wp-block-column is-layout-flow wp-block-column-is-layout-flow\"><div class=\"wp-block-image\">\n<figure class=\"aligncenter size-full\"><img loading=\"lazy\" decoding=\"async\" width=\"400\" height=\"441\" src=\"https:\/\/blue-fish.eu\/wp-content\/uploads\/2024\/06\/luc1.png\" alt=\"\" class=\"wp-image-187\" srcset=\"https:\/\/blue-fish.eu\/wp-content\/uploads\/2024\/06\/luc1.png 400w, https:\/\/blue-fish.eu\/wp-content\/uploads\/2024\/06\/luc1-272x300.png 272w\" sizes=\"auto, (max-width: 400px) 100vw, 400px\" \/><\/figure>\n<\/div>\n\n\n<p class=\"has-text-align-left\"><strong>LUC<\/strong><br>plava riba iz porodice tuna,poznata po nazivu &#8220;mala tuna&#8221;, bogata omega 3 i veoma slicna tuni ukusom.<\/p>\n\n\n<div class=\"wp-block-image\">\n<figure class=\"alignright size-full\"><img loading=\"lazy\" decoding=\"async\" width=\"800\" height=\"81\" src=\"https:\/\/blue-fish.eu\/wp-content\/uploads\/2024\/06\/val3.png\" alt=\"\" class=\"wp-image-129\" srcset=\"https:\/\/blue-fish.eu\/wp-content\/uploads\/2024\/06\/val3.png 800w, https:\/\/blue-fish.eu\/wp-content\/uploads\/2024\/06\/val3-300x30.png 300w, https:\/\/blue-fish.eu\/wp-content\/uploads\/2024\/06\/val3-768x78.png 768w\" sizes=\"auto, (max-width: 800px) 100vw, 800px\" \/><\/figure>\n<\/div><\/div>\n<\/div>\n\n\n\n<div style=\"height:10px\" aria-hidden=\"true\" class=\"wp-block-spacer\"><\/div>\n\n\n\n<div class=\"wp-block-columns is-layout-flex wp-container-core-columns-is-layout-9d6595d7 wp-block-columns-is-layout-flex\">\n<div class=\"wp-block-column is-layout-flow wp-block-column-is-layout-flow\" style=\"flex-basis:50%\"><div class=\"wp-block-image\">\n<figure class=\"aligncenter size-full\"><img loading=\"lazy\" decoding=\"async\" width=\"400\" height=\"441\" src=\"https:\/\/blue-fish.eu\/wp-content\/uploads\/2024\/06\/trupac1.png\" alt=\"\" class=\"wp-image-189\" srcset=\"https:\/\/blue-fish.eu\/wp-content\/uploads\/2024\/06\/trupac1.png 400w, https:\/\/blue-fish.eu\/wp-content\/uploads\/2024\/06\/trupac1-272x300.png 272w\" sizes=\"auto, (max-width: 400px) 100vw, 400px\" \/><\/figure>\n<\/div>\n\n\n<p><strong>TRUPAC<\/strong><br>zvani Rumbac, iz porodice sku\u0161a, srodnik tune i vrlo bogat omega 3, vitaminima i mineralima te vrlo lijepog ukusa.<\/p>\n\n\n<div class=\"wp-block-image\">\n<figure class=\"alignleft size-full\"><img loading=\"lazy\" decoding=\"async\" width=\"800\" height=\"81\" src=\"https:\/\/blue-fish.eu\/wp-content\/uploads\/2024\/06\/val3-2.png\" alt=\"\" class=\"wp-image-128\" srcset=\"https:\/\/blue-fish.eu\/wp-content\/uploads\/2024\/06\/val3-2.png 800w, https:\/\/blue-fish.eu\/wp-content\/uploads\/2024\/06\/val3-2-300x30.png 300w, https:\/\/blue-fish.eu\/wp-content\/uploads\/2024\/06\/val3-2-768x78.png 768w\" sizes=\"auto, (max-width: 800px) 100vw, 800px\" \/><\/figure>\n<\/div><\/div>\n\n\n\n<div class=\"wp-block-column is-vertically-aligned-top is-layout-flow wp-block-column-is-layout-flow\" style=\"flex-basis:50%\"><div class=\"wp-block-image\">\n<figure class=\"aligncenter size-full\"><img loading=\"lazy\" decoding=\"async\" width=\"400\" height=\"441\" src=\"https:\/\/blue-fish.eu\/wp-content\/uploads\/2024\/06\/lokarda1.png\" alt=\"\" class=\"wp-image-185\" srcset=\"https:\/\/blue-fish.eu\/wp-content\/uploads\/2024\/06\/lokarda1.png 400w, https:\/\/blue-fish.eu\/wp-content\/uploads\/2024\/06\/lokarda1-272x300.png 272w\" sizes=\"auto, (max-width: 400px) 100vw, 400px\" \/><\/figure>\n<\/div>\n\n\n<p class=\"has-text-align-left\"><strong>LOKARDA <\/strong><br>zvana plavica, iz porodice sku\u0161a, karakteristi\u010dnog ukusa i bogata omega 3 i vitaminima B skupine.<\/p>\n\n\n<div class=\"wp-block-image\">\n<figure class=\"alignright size-full\"><img loading=\"lazy\" decoding=\"async\" width=\"800\" height=\"81\" src=\"https:\/\/blue-fish.eu\/wp-content\/uploads\/2024\/06\/val3.png\" alt=\"\" class=\"wp-image-129\" srcset=\"https:\/\/blue-fish.eu\/wp-content\/uploads\/2024\/06\/val3.png 800w, https:\/\/blue-fish.eu\/wp-content\/uploads\/2024\/06\/val3-300x30.png 300w, https:\/\/blue-fish.eu\/wp-content\/uploads\/2024\/06\/val3-768x78.png 768w\" sizes=\"auto, (max-width: 800px) 100vw, 800px\" \/><\/figure>\n<\/div><\/div>\n<\/div>\n\n\n\n<div class=\"wp-block-columns is-layout-flex wp-container-core-columns-is-layout-9d6595d7 wp-block-columns-is-layout-flex\">\n<div class=\"wp-block-column is-vertically-aligned-center is-layout-flow wp-block-column-is-layout-flow\" style=\"flex-basis:50%\"><div class=\"wp-block-image\">\n<figure class=\"aligncenter size-full\"><img loading=\"lazy\" decoding=\"async\" width=\"400\" height=\"441\" src=\"https:\/\/blue-fish.eu\/wp-content\/uploads\/2024\/06\/komarca1.png\" alt=\"\" class=\"wp-image-184\" srcset=\"https:\/\/blue-fish.eu\/wp-content\/uploads\/2024\/06\/komarca1.png 400w, https:\/\/blue-fish.eu\/wp-content\/uploads\/2024\/06\/komarca1-272x300.png 272w\" sizes=\"auto, (max-width: 400px) 100vw, 400px\" \/><\/figure>\n<\/div>\n\n\n<p><strong>KOMAR\u010cA<\/strong><br>zvana orada, bijela riba delikatnog okusa i lako probavljiva, bogata omega 3, vitaminima B2 i B6<\/p>\n\n\n<div class=\"wp-block-image\">\n<figure class=\"alignleft size-full\"><img loading=\"lazy\" decoding=\"async\" width=\"800\" height=\"81\" src=\"https:\/\/blue-fish.eu\/wp-content\/uploads\/2024\/06\/val3-2.png\" alt=\"\" class=\"wp-image-128\" srcset=\"https:\/\/blue-fish.eu\/wp-content\/uploads\/2024\/06\/val3-2.png 800w, https:\/\/blue-fish.eu\/wp-content\/uploads\/2024\/06\/val3-2-300x30.png 300w, https:\/\/blue-fish.eu\/wp-content\/uploads\/2024\/06\/val3-2-768x78.png 768w\" sizes=\"auto, (max-width: 800px) 100vw, 800px\" \/><\/figure>\n<\/div><\/div>\n\n\n\n<div class=\"wp-block-column is-layout-flow wp-block-column-is-layout-flow\" style=\"flex-basis:50%\">\n<figure class=\"wp-block-image size-full\"><img loading=\"lazy\" decoding=\"async\" width=\"400\" height=\"441\" src=\"https:\/\/blue-fish.eu\/wp-content\/uploads\/2024\/06\/lubin1-1.png\" alt=\"\" class=\"wp-image-186\" srcset=\"https:\/\/blue-fish.eu\/wp-content\/uploads\/2024\/06\/lubin1-1.png 400w, https:\/\/blue-fish.eu\/wp-content\/uploads\/2024\/06\/lubin1-1-272x300.png 272w\" sizes=\"auto, (max-width: 400px) 100vw, 400px\" \/><\/figure>\n\n\n\n<p class=\"has-text-align-left\"><strong>LUBIN<\/strong><br>iz porodice moronidae, poznat kao smudut, brancin i sl. Pripada porodici bijele ribe i vrlo je kvalitetnog i delikatnog ukusa, bogat omega 3 i niskokalori\u010dan.<\/p>\n\n\n<div class=\"wp-block-image\">\n<figure class=\"alignright size-full\"><img loading=\"lazy\" decoding=\"async\" width=\"800\" height=\"81\" src=\"https:\/\/blue-fish.eu\/wp-content\/uploads\/2024\/06\/val3.png\" alt=\"\" class=\"wp-image-129\" srcset=\"https:\/\/blue-fish.eu\/wp-content\/uploads\/2024\/06\/val3.png 800w, https:\/\/blue-fish.eu\/wp-content\/uploads\/2024\/06\/val3-300x30.png 300w, https:\/\/blue-fish.eu\/wp-content\/uploads\/2024\/06\/val3-768x78.png 768w\" sizes=\"auto, (max-width: 800px) 100vw, 800px\" \/><\/figure>\n<\/div><\/div>\n<\/div>\n","protected":false},"excerpt":{"rendered":"<p>PROIZVODI Jadranske ribe u ekstra djevi\u010danskom maslinovom ulju PALAMIDAplava riba iz porodice sku\u0161olovki, vrlo kvalitetnog okusa sli\u010dnom sku\u0161i i bogata omega 3. LUCplava riba iz porodice tuna,poznata po nazivu &#8220;mala tuna&#8221;, bogata omega 3 i veoma slicna tuni ukusom. TRUPACzvani&#8230;<br \/><a class=\"read-more-button\" href=\"https:\/\/blue-fish.eu\/index.php\/home\/\">Read more<\/a><\/p>\n","protected":false},"author":1,"featured_media":0,"parent":0,"menu_order":0,"comment_status":"closed","ping_status":"closed","template":"","meta":{"footnotes":""},"class_list":["post-22","page","type-page","status-publish","hentry"],"_links":{"self":[{"href":"https:\/\/blue-fish.eu\/index.php\/wp-json\/wp\/v2\/pages\/22","targetHints":{"allow":["GET"]}}],"collection":[{"href":"https:\/\/blue-fish.eu\/index.php\/wp-json\/wp\/v2\/pages"}],"about":[{"href":"https:\/\/blue-fish.eu\/index.php\/wp-json\/wp\/v2\/types\/page"}],"author":[{"embeddable":true,"href":"https:\/\/blue-fish.eu\/index.php\/wp-json\/wp\/v2\/users\/1"}],"replies":[{"embeddable":true,"href":"https:\/\/blue-fish.eu\/index.php\/wp-json\/wp\/v2\/comments?post=22"}],"version-history":[{"count":27,"href":"https:\/\/blue-fish.eu\/index.php\/wp-json\/wp\/v2\/pages\/22\/revisions"}],"predecessor-version":[{"id":533,"href":"https:\/\/blue-fish.eu\/index.php\/wp-json\/wp\/v2\/pages\/22\/revisions\/533"}],"wp:attachment":[{"href":"https:\/\/blue-fish.eu\/index.php\/wp-json\/wp\/v2\/media?parent=22"}],"curies":[{"name":"wp","href":"https:\/\/api.w.org\/{rel}","templated":true}]}}